{"id":11061,"date":"2023-01-16T15:05:35","date_gmt":"2023-01-16T15:05:35","guid":{"rendered":"https:\/\/leroux.qodeinteractive.com\/?page_id=3"},"modified":"2025-05-14T06:25:45","modified_gmt":"2025-05-14T04:25:45","slug":"privacy-policy","status":"publish","type":"page","link":"https:\/\/stmalgar.com\/index.php\/privacy-policy\/","title":{"rendered":"Privacy Policy"},"content":{"rendered":"\t\t<div data-elementor-type=\"wp-page\" data-elementor-id=\"11061\" class=\"elementor elementor-11061\">\n\t\t\t\t\t\t<section class=\"elementor-section elementor-top-section elementor-element elementor-element-25434705 elementor-section-full_width elementor-section-height-default elementor-section-height-default\" data-id=\"25434705\" data-element_type=\"section\" data-e-type=\"section\">\n\t\t\t\t\t\t<div class=\"elementor-container elementor-column-gap-default\">\n\t\t\t\t\t<div class=\"elementor-column elementor-col-100 elementor-top-column elementor-element elementor-element-5aa2d5b3\" data-id=\"5aa2d5b3\" data-element_type=\"column\" data-e-type=\"column\">\n\t\t\t<div class=\"elementor-widget-wrap elementor-element-populated\">\n\t\t\t\t\t\t<div class=\"elementor-element elementor-element-4bb4e95 elementor-widget elementor-widget-text-editor\" data-id=\"4bb4e95\" data-element_type=\"widget\" data-e-type=\"widget\" data-widget_type=\"text-editor.default\">\n\t\t\t\t<div class=\"elementor-widget-container\">\n\t\t\t\t\t\t\t\t\t<p><\/p>\n<h2 class=\"p1 wp-block-heading\">Aviso de Privacidad<\/h2>\n<p><\/p>\n<p><\/p>\n<p><strong>SISTEMAS Y TECNOLOGIAS MALGAR<\/strong>, con domicilio en Calle de Uxmal 603, Col. Narvarte, CDMX, en cumplimiento con lo dispuesto por la Ley Federal de Protecci\u00f3n de Datos Personales en Posesi\u00f3n de los Particulares, hace de su conocimiento que los datos personales que nos proporcione ser\u00e1n tratados de manera estrictamente confidencial y utilizados \u00fanicamente para los fines establecidos en este Aviso de Privacidad.<\/p>\n<p><\/p>\n<p><\/p>\n<h2 class=\"p1 wp-block-heading\">Datos personales que se recaban<\/h2>\n<p><\/p>\n<p><\/p>\n<p class=\"p1\">Podemos recopilar los siguientes datos personales:<\/p>\n<p class=\"p1\">Nombre completo<\/p>\n<p class=\"p1\">Correo electr\u00f3nico<\/p>\n<p class=\"p1\">N\u00famero telef\u00f3nico<\/p>\n<p class=\"p1\">Direcci\u00f3n<\/p>\n<p class=\"p1\">Datos fiscales (en caso de requerir factura)<\/p>\n<p class=\"p1\">Informaci\u00f3n de medios de pago (en caso de compra en l\u00ednea)<\/p>\n<p><\/p>\n<p><\/p>\n<p><\/p>\n<p><\/p>\n<h2 class=\"p1 wp-block-heading\">Finalidades del tratamiento de los datos<\/h2>\n<p><\/p>\n<p><\/p>\n<p class=\"p1\">Los datos personales que recopilamos son utilizados para las siguientes finalidades:<\/p>\n<p class=\"p1\">Proveer los productos y servicios que ofrecemos<\/p>\n<p class=\"p1\">Dar cumplimiento a obligaciones legales<\/p>\n<p class=\"p1\">Informar sobre cambios o nuevos productos o servicios<\/p>\n<p class=\"p1\">Evaluar la calidad del servicio<\/p>\n<p class=\"p1\">Facturaci\u00f3n y cobranza<\/p>\n<p><\/p>\n<p><\/p>\n<h2 class=\"p1 wp-block-heading\">Transferencia de datos<\/h2>\n<p><\/p>\n<p><\/p>\n<p class=\"p1\">No transferiremos sus datos personales a terceros sin su consentimiento, salvo en los casos previstos por la ley.<\/p>\n<p><\/p>\n<p><\/p>\n<p><\/p>\n<p><\/p>\n<p><\/p>\n<p><\/p>\n<h2 class=\"p1 wp-block-heading\">Ejercicio de derechos ARCO<\/h2>\n<p><\/p>\n<p><\/p>\n<p class=\"p1\">Usted tiene derecho a acceder, rectificar y cancelar sus datos personales, as\u00ed como oponerse al tratamiento de los mismos o revocar el consentimiento que para tal fin nos haya otorgado, a trav\u00e9s de una solicitud enviada al correo: [correo electr\u00f3nico de contacto].<\/p>\n<h2 class=\"p1\">Uso de cookies<\/h2>\n<p><\/p>\n<p><\/p>\n<p class=\"p1\">Este sitio web puede utilizar cookies para mejorar la experiencia del usuario. Usted puede deshabilitarlas en su navegador.<\/p>\n<p><\/p>\n<p><\/p>\n<h2 class=\"p1 wp-block-heading\">Cambios al Aviso de Privacidad<\/h2>\n<p><\/p>\n<p><\/p>\n<p class=\"p1\">Nos reservamos el derecho de efectuar en cualquier momento modificaciones o actualizaciones al presente Aviso de Privacidad. Estas modificaciones estar\u00e1n disponibles en nuestra p\u00e1gina web [URL de tu sitio web].<\/p>\n<p><\/p>\n<p><\/p>\n<h2 class=\"p1 wp-block-heading\">Contacto<\/h2>\n<p><\/p>\n<p><\/p>\n<p class=\"p1\">Si tiene dudas o comentarios respecto al presente aviso, puede contactarnos en:<\/p>\n<p class=\"p1\">contacto@stmalgar.com<\/p>\n<p class=\"p1\">5568035170<\/p>\n<p><\/p>\n<p><\/p>\n<p><\/p>\t\t\t\t\t\t\t\t<\/div>\n\t\t\t\t<\/div>\n\t\t\t\t\t<\/div>\n\t\t<\/div>\n\t\t\t\t\t<\/div>\n\t\t<\/section>\n\t\t\t\t<\/div>\n\t\t","protected":false},"excerpt":{"rendered":"<p>Aviso de Privacidad SISTEMAS Y TECNOLOGIAS MALGAR, con domicilio en Calle de Uxmal 603, Col. Narvarte, CDMX, en cumplimiento con lo dispuesto por la Ley Federal de Protecci\u00f3n de Datos Personales en Posesi\u00f3n de los Particulares, hace de su conocimiento que los datos personales que nos proporcione ser\u00e1n tratados de manera estrictamente confidencial y utilizados [&hellip;]<\/p>\n","protected":false},"author":1,"featured_media":0,"parent":0,"menu_order":0,"comment_status":"closed","ping_status":"open","template":"","meta":{"footnotes":""},"class_list":["post-11061","page","type-page","status-publish","hentry"],"_links":{"self":[{"href":"https:\/\/stmalgar.com\/index.php\/wp-json\/wp\/v2\/pages\/11061","targetHints":{"allow":["GET"]}}],"collection":[{"href":"https:\/\/stmalgar.com\/index.php\/wp-json\/wp\/v2\/pages"}],"about":[{"href":"https:\/\/stmalgar.com\/index.php\/wp-json\/wp\/v2\/types\/page"}],"author":[{"embeddable":true,"href":"https:\/\/stmalgar.com\/index.php\/wp-json\/wp\/v2\/users\/1"}],"replies":[{"embeddable":true,"href":"https:\/\/stmalgar.com\/index.php\/wp-json\/wp\/v2\/comments?post=11061"}],"version-history":[{"count":3,"href":"https:\/\/stmalgar.com\/index.php\/wp-json\/wp\/v2\/pages\/11061\/revisions"}],"predecessor-version":[{"id":12291,"href":"https:\/\/stmalgar.com\/index.php\/wp-json\/wp\/v2\/pages\/11061\/revisions\/12291"}],"wp:attachment":[{"href":"https:\/\/stmalgar.com\/index.php\/wp-json\/wp\/v2\/media?parent=11061"}],"curies":[{"name":"wp","href":"https:\/\/api.w.org\/{rel}","templated":true}]}}